{"id":307,"date":"2013-06-14T15:37:48","date_gmt":"2013-06-14T13:37:48","guid":{"rendered":"http:\/\/barrique.rs\/?page_id=307"},"modified":"2013-06-14T15:44:39","modified_gmt":"2013-06-14T13:44:39","slug":"bollinger-la-grande-annee-rose","status":"publish","type":"page","link":"https:\/\/barrique.rs\/?page_id=307","title":{"rendered":"BOLLINGER LA GRANDE ANNEE ROSE"},"content":{"rendered":"<p>Grape variety:\u00a0\u00a0 62% Pinot Noir and 38% Chardonnay<\/p>\n<p>Origin:\u00a0\u00a0 Grands and Premiers Crus from\u00a0 La Montagne de Reims and La C\u00f4te des Blancs<\/p>\n<p>La Grande Ann\u00e9e Ros\u00e9 is a derivation from the blend of La Grande Ann\u00e9e and is only produced when exceptional quality vintages occur. The grapes come exclusively from Grands and Premiers Crus.<br \/>\nA beautifully structured and full bodied wine, with a deep colour and which develops intense aromas.<\/p>\n<p>The addition of 6.5 % of Pinot Noir from La C\u00f4te Aux Enfants and vinified as red wine gives the blend its colour and its ripeness.<\/p>\n<p>Wines from 16 villages have been included, 77% from Grand Crus and 23% from Premier Crus. Bollinger use only the &#8216;cuv\u00e9e&#8217; juice in the making of La Grande Ann\u00e9e Ros\u00e9.<\/p>\n<p>The first fermentation is always carried out 100% in old oak barrels, which has become quite unique in Champagne. The Cru\u2019s are fermented in small oak barrels which enables a rigorous selection. Bollinger uses only old barrels (5 years and more) in order to generate neither an oaky taste nor tannins. This method reinforces the aromatic complexity and the ageing potential of the wines.<\/p>\n<p>At this stage the red wine from \u2018La C\u00f4te Aux Enfants\u2019 is blended with the Grande Ann\u00e9e base wine in a proportion of 7 to 8%, which gives birth to La Grande\u00a0 Ann\u00e9e Ros\u00e9.<\/p>\n<p>Once the wine is bottled the second fermentation and cellar ageing are conducted under natural cork. This method, nowadays very seldom used in Champagne, is a guarantee of freshness. It allows the aromas to preserve all their bouquet.<\/p>\n<p>La Grande Ann\u00e9e Ros\u00e9 then ages in the cellars for at least 5 years. After Manual riddling and disgorging, La Grande Ann\u00e9e Ros\u00e9 rests for a minimum of 3 months prior to shipment.<\/p>\n","protected":false},"excerpt":{"rendered":"<p>Grape variety:\u00a0\u00a0 62% Pinot Noir and 38% Chardonnay Origin:\u00a0\u00a0 Grands and Premiers Crus from\u00a0 La Montagne de Reims and La C\u00f4te des Blancs La Grande Ann\u00e9e Ros\u00e9 is a derivation from the blend of La Grande Ann\u00e9e and is only produced when exceptional quality vintages occur. The grapes come exclusively from Grands and Premiers Crus. [&hellip;]<\/p>\n","protected":false},"author":2,"featured_media":0,"parent":237,"menu_order":0,"comment_status":"closed","ping_status":"closed","template":"","meta":[],"_links":{"self":[{"href":"https:\/\/barrique.rs\/index.php?rest_route=\/wp\/v2\/pages\/307"}],"collection":[{"href":"https:\/\/barrique.rs\/index.php?rest_route=\/wp\/v2\/pages"}],"about":[{"href":"https:\/\/barrique.rs\/index.php?rest_route=\/wp\/v2\/types\/page"}],"author":[{"embeddable":true,"href":"https:\/\/barrique.rs\/index.php?rest_route=\/wp\/v2\/users\/2"}],"replies":[{"embeddable":true,"href":"https:\/\/barrique.rs\/index.php?rest_route=%2Fwp%2Fv2%2Fcomments&post=307"}],"version-history":[{"count":2,"href":"https:\/\/barrique.rs\/index.php?rest_route=\/wp\/v2\/pages\/307\/revisions"}],"predecessor-version":[{"id":321,"href":"https:\/\/barrique.rs\/index.php?rest_route=\/wp\/v2\/pages\/307\/revisions\/321"}],"up":[{"embeddable":true,"href":"https:\/\/barrique.rs\/index.php?rest_route=\/wp\/v2\/pages\/237"}],"wp:attachment":[{"href":"https:\/\/barrique.rs\/index.php?rest_route=%2Fwp%2Fv2%2Fmedia&parent=307"}],"curies":[{"name":"wp","href":"https:\/\/api.w.org\/{rel}","templated":true}]}}