{"id":205,"date":"2013-06-14T00:48:28","date_gmt":"2013-06-13T22:48:28","guid":{"rendered":"http:\/\/barrique.rs\/?page_id=205"},"modified":"2013-06-14T13:33:11","modified_gmt":"2013-06-14T11:33:11","slug":"chateau-de-parenchere","status":"publish","type":"page","link":"https:\/\/barrique.rs\/?page_id=205","title":{"rendered":"CHATEAU DE PARENCHERE"},"content":{"rendered":"<p>Grape variety: \u00a0 50% Merlot, \u00a040% Cabernet Sauvignon, \u00a09% Cabernet Franc,\u00a01% Malbec<br \/>\nSoil: \u00a0 Chalky clay with a very high clay content<\/p>\n<p>The estate\u2019s traditional wine is made using vines aged 20 years on average and is usually made up of all the different grape varieties grown on the property.<\/p>\n<p>With its equal proportions of Merlot and Cabernet Sauvignon, Ch\u00e2teau de Parench\u00e8re Bordeaux Sup\u00e9rieur Red is half-way between a M\u00e9doc and a Saint-Emilion.<br \/>\nMerlot gives it its supple, fruity fleshiness; Cabernet-Sauvignon provides structure and additional tannic density.<\/p>\n<p><b><i>Characteristics :<\/i><\/b> This traditional Parench\u00e8re blend is generally very fleshy, with a very deeply coloured robe. Characterized by a good balance between fruit and tannin, it displays distinct red fruit aromas with a long, sustained finish.<\/p>\n<p><b><i>Ideal drinking period :<\/i><\/b> from 3 to 6 years<br \/>\nThis cuvee can be appreciated since its first year of bottling while improving for 6 &#8211; 8 years &#8211; and even ten years for the best vintages.<\/p>\n","protected":false},"excerpt":{"rendered":"<p>Grape variety: \u00a0 50% Merlot, \u00a040% Cabernet Sauvignon, \u00a09% Cabernet Franc,\u00a01% Malbec Soil: \u00a0 Chalky clay with a very high clay content The estate\u2019s traditional wine is made using vines aged 20 years on average and is usually made up of all the different grape varieties grown on the property. With its equal proportions of [&hellip;]<\/p>\n","protected":false},"author":2,"featured_media":0,"parent":77,"menu_order":0,"comment_status":"closed","ping_status":"closed","template":"","meta":[],"_links":{"self":[{"href":"https:\/\/barrique.rs\/index.php?rest_route=\/wp\/v2\/pages\/205"}],"collection":[{"href":"https:\/\/barrique.rs\/index.php?rest_route=\/wp\/v2\/pages"}],"about":[{"href":"https:\/\/barrique.rs\/index.php?rest_route=\/wp\/v2\/types\/page"}],"author":[{"embeddable":true,"href":"https:\/\/barrique.rs\/index.php?rest_route=\/wp\/v2\/users\/2"}],"replies":[{"embeddable":true,"href":"https:\/\/barrique.rs\/index.php?rest_route=%2Fwp%2Fv2%2Fcomments&post=205"}],"version-history":[{"count":4,"href":"https:\/\/barrique.rs\/index.php?rest_route=\/wp\/v2\/pages\/205\/revisions"}],"predecessor-version":[{"id":248,"href":"https:\/\/barrique.rs\/index.php?rest_route=\/wp\/v2\/pages\/205\/revisions\/248"}],"up":[{"embeddable":true,"href":"https:\/\/barrique.rs\/index.php?rest_route=\/wp\/v2\/pages\/77"}],"wp:attachment":[{"href":"https:\/\/barrique.rs\/index.php?rest_route=%2Fwp%2Fv2%2Fmedia&parent=205"}],"curies":[{"name":"wp","href":"https:\/\/api.w.org\/{rel}","templated":true}]}}